{"id":761,"date":"2021-04-08T15:23:12","date_gmt":"2021-04-08T13:23:12","guid":{"rendered":"https:\/\/ewatts-tech.com\/trartamiento-de-purines\/"},"modified":"2021-04-15T13:08:55","modified_gmt":"2021-04-15T11:08:55","slug":"trartamiento-de-purines","status":"publish","type":"page","link":"https:\/\/ewatts-tech.com\/ca\/trartamiento-de-purines\/","title":{"rendered":"Trartamiento de Purines"},"content":{"rendered":"\n<div class=\"wp-block-ewatts-blocks-destacado  mod_destacat var_bg_gris call_to_action_0\"><div class=\"inner maq_marges_horitzontals maq_marges_verticals\"><div class=\"maq_contenidor\"><h2 class=\"com_titular_2 \">TRATAMIENTO DE PURINES (e-MTR)<\/h2><div class=\"text\"><p><br>Tecnolog\u00eda orientada a eliminar el riesgo ambiental de los purines obteniendo a trav\u00e9s de:<br>M\u00e1xima recuperaci\u00f3n de nutrientes para su utilizaci\u00f3n como fertilizantes.<br>Eliminaci\u00f3n\/Reducci\u00f3n\u00a0 de Nitr\u00f3geno Total<br>Reducci\u00f3n de tierras de cultivo necesarias<br>Cogeneraci\u00f3n energ\u00e9tica.<br>Obtenci\u00f3n de un agua\u00a0 de alta calidad para reutilizaci\u00f3n o vertido.<\/p><\/div><\/div><\/div><\/div>\n\n\n\n<p><\/p>\n\n\n\n<p>Tecnolog\u00eda orientada a eliminar el riesgo ambiental de \u00e9stos a trav\u00e9s de:<\/p>\n\n\n\n<ul class=\"wp-block-list\"><li>M\u00e1xima recuperaci\u00f3n de nutrientes para su utilizaci\u00f3n como fertilizantes.<\/li><li>Eliminaci\u00f3n\/Reducci\u00f3n&nbsp; de Nitr\u00f3geno Total<\/li><li>Reducci\u00f3n de tierras de cultivo necesarias<\/li><li>Cogeneraci\u00f3n energ\u00e9tica.<\/li><li>Obtenci\u00f3n de un agua&nbsp; de alta calidad para reutilizaci\u00f3n o vertido.<\/li><\/ul>\n\n\n\n<h2 class=\"has-text-align-left is-style-com_titular_2 wp-block-heading\">Puntos fuertes de la Tecnolog\u00eda (1)<\/h2>\n\n\n\n<ul class=\"wp-block-list\"><li>Obtenci\u00f3n de un efluente de alta calidad para reutilizaci\u00f3n o vertido.<\/li><li>Reducci\u00f3n de tierras necesarias disponibles. (&gt;90%)<\/li><li>Reducci\u00f3n de Nitr\u00f3geno total. (&gt;90%)<\/li><li>Reducci\u00f3n de F\u00f3sforo total. (&gt;90%)<\/li><li>Reducci\u00f3n de la DQO. (&gt;90%)<\/li><li>Higienizaci\u00f3n del efluente. Ausencia de pat\u00f3genos.<\/li><\/ul>\n\n\n\n<h2 class=\"has-text-align-left is-style-com_titular_2 wp-block-heading\">Puntos fuertes de la Tecnolog\u00eda (2)<\/h2>\n\n\n\n<ul class=\"wp-block-list\"><li>Fracci\u00f3n s\u00f3lida:<ul><li>Tratamiento EONit<sup>\u00ae<\/sup>: higienizada.<\/li><li>Tratamiento PhosNit<sup>\u00ae<\/sup>: a compostaje.<\/li><\/ul><\/li><li>Reducci\u00f3n del coste energ\u00e9tico. Cogeneraci\u00f3n del Hidr\u00f3geno producido (EONit<sup>\u00ae<\/sup>).<\/li><li>Aprovechamiento del calor residual. Secado e higienizaci\u00f3n de la fracci\u00f3n s\u00f3lida. (EONit<sup>\u00ae<\/sup>)<\/li><li>Producci\u00f3n de fertilizante de alta pureza y calidad. (PhosNit<sup>\u00ae<\/sup>)<\/li><\/ul>\n\n\n\n<p><\/p>\n\n\n\n<p>Disponemos de dos sistemas distintos para poder adaptarnos a las necesidades de cada caso concreto:<\/p>\n\n\n\n<div class=\"wp-block-ewatts-blocks-desplegable mod_desplegables\"><div class=\"maq_marges_verticals  maq_marges_horitzontals\"><div class=\"maq_contenidor\">\n<div class=\"wp-block-ewatts-blocks-desplegable-in item\"><div class=\"pregunta com_titular_3\"><span class=\"icon-plus\"><\/span><p>Tratamiento EONit<sup>\u00ae<\/sup><\/p><\/div><div class=\"resposta\">\n<div class=\"wp-block-image\"><figure class=\"alignleft size-large\"><img loading=\"lazy\" decoding=\"async\" width=\"500\" height=\"397\" src=\"https:\/\/ewatts-tech.com\/wp-content\/uploads\/2021\/04\/Img_ewatts_producto_purines_500px.jpg\" alt=\"\" class=\"wp-image-495\" srcset=\"https:\/\/ewatts-tech.com\/wp-content\/uploads\/2021\/04\/Img_ewatts_producto_purines_500px.jpg 500w, https:\/\/ewatts-tech.com\/wp-content\/uploads\/2021\/04\/Img_ewatts_producto_purines_500px-300x238.jpg 300w\" sizes=\"auto, (max-width: 500px) 100vw, 500px\" \/><\/figure><\/div>\n\n\n\n<h3 class=\"is-style-com_titular_3_blau wp-block-heading\">Descripci\u00f3n del proceso:<\/h3>\n\n\n\n<ul class=\"wp-block-list\"><li>Separaci\u00f3n de materiales gruesos y s\u00f3lidos en suspensi\u00f3n.<\/li><li>Tratamiento de la fracci\u00f3n l\u00edquida (T-1). Se obtienen dos corrientes de aguas.<\/li><li>La fracci\u00f3n acuosa con NH<sub>4<\/sub> es tratada (T-2) para la producci\u00f3n de <strong>hidr\u00f3geno<\/strong>.&nbsp;<\/li><li>Aguas resultantes del tratamiento T-2 (de alta calidad), a vertido, riego o&nbsp; reutilizaci\u00f3n en las propias instalaciones.<\/li><li>La fracci\u00f3n con materia org\u00e1nica (M.O.) es enviada a tratamiento biol\u00f3gico aerobio (T-3).<\/li><li>Generaci\u00f3n de hidr\u00f3geno a cogeneraci\u00f3n (CO) para producci\u00f3n el\u00e9ctrica (Kws).<\/li><li>El excedente de calor generado en la CO se destina a secado e higienizaci\u00f3n de la fracci\u00f3n s\u00f3lida.<\/li><\/ul>\n\n\n\n<div class=\"wp-block-ewatts-blocks-clearfloat mod_clearfloat\"><\/div>\n\n\n\n<p>Esquema del proceso:<\/p>\n\n\n\n<div class=\"wp-block-ewatts-blocks-clearfloat mod_clearfloat\"><\/div>\n\n\n\n<figure class=\"wp-block-image size-large\"><img loading=\"lazy\" decoding=\"async\" width=\"1024\" height=\"508\" src=\"https:\/\/ewatts-tech.com\/wp-content\/uploads\/2021\/04\/Img_ewatts_Tratamiento_Purines_EONit_1920px-1024x508.jpg\" alt=\"\" class=\"wp-image-497\" srcset=\"https:\/\/ewatts-tech.com\/wp-content\/uploads\/2021\/04\/Img_ewatts_Tratamiento_Purines_EONit_1920px-1024x508.jpg 1024w, https:\/\/ewatts-tech.com\/wp-content\/uploads\/2021\/04\/Img_ewatts_Tratamiento_Purines_EONit_1920px-300x149.jpg 300w, https:\/\/ewatts-tech.com\/wp-content\/uploads\/2021\/04\/Img_ewatts_Tratamiento_Purines_EONit_1920px-768x381.jpg 768w, https:\/\/ewatts-tech.com\/wp-content\/uploads\/2021\/04\/Img_ewatts_Tratamiento_Purines_EONit_1920px-1536x762.jpg 1536w, https:\/\/ewatts-tech.com\/wp-content\/uploads\/2021\/04\/Img_ewatts_Tratamiento_Purines_EONit_1920px.jpg 1920w\" sizes=\"auto, (max-width: 1024px) 100vw, 1024px\" \/><\/figure>\n\n\n\n<div class=\"wp-block-ewatts-blocks-botones mod_botons clearfix\">\n<a class=\"wp-block-ewatts-blocks-boton com_bt transparente normal flotar_1\" href=\"https:\/\/ewatts-tech.com\/contacto\/\">+ INFO<\/a>\n<\/div>\n<\/div><\/div>\n\n\n\n<div class=\"wp-block-ewatts-blocks-desplegable-in item\"><div class=\"pregunta com_titular_3\"><span class=\"icon-plus\"><\/span><p>Tratamiento PhosNit<sup>\u00ae<\/sup> (Fertilizantes)<\/p><\/div><div class=\"resposta\">\n<div class=\"wp-block-image\"><figure class=\"alignleft size-large\"><img loading=\"lazy\" decoding=\"async\" width=\"500\" height=\"397\" src=\"https:\/\/ewatts-tech.com\/wp-content\/uploads\/2021\/04\/Img_ewatts_producto_purines_03_500px.jpg\" alt=\"\" class=\"wp-image-505\" srcset=\"https:\/\/ewatts-tech.com\/wp-content\/uploads\/2021\/04\/Img_ewatts_producto_purines_03_500px.jpg 500w, https:\/\/ewatts-tech.com\/wp-content\/uploads\/2021\/04\/Img_ewatts_producto_purines_03_500px-300x238.jpg 300w\" sizes=\"auto, (max-width: 500px) 100vw, 500px\" \/><\/figure><\/div>\n\n\n\n<h3 class=\"is-style-com_titular_3_blau wp-block-heading\">Descripci\u00f3n del proceso:<\/h3>\n\n\n\n<ul class=\"wp-block-list\"><li>Separaci\u00f3n de materiales gruesos y s\u00f3lidos en suspensi\u00f3n.&nbsp;<\/li><li>Tratamiento de la fracci\u00f3n l\u00edquida (T-1). Se obtienen dos corrientes de aguas.&nbsp;<\/li><li>La fracci\u00f3n acuosa con NH<sub>4<\/sub>, es tratada (T-2) para la producci\u00f3n de <strong>fertilizante<\/strong>. (Estruvita pura)<\/li><li>La Estruvita producida en el tratamiento T-2, de alta calidad, tiene muy buena aceptaci\u00f3n y valor de mercado, debido a que es considerado uno de los mejores fertilizantes de disoluci\u00f3n lenta.<\/li><li>Aguas resultantes del tratamiento T-2 (de alta calidad), a vertido, riego o&nbsp; reutilizaci\u00f3n en las propias instalaciones.<\/li><li>La fracci\u00f3n con materia org\u00e1nica (M.O.) es enviada a tratamiento biol\u00f3gico aerobio (T-3).<\/li><\/ul>\n\n\n\n<div class=\"wp-block-ewatts-blocks-clearfloat mod_clearfloat\"><\/div>\n\n\n\n<p>Esquema del proceso:<\/p>\n\n\n\n<div class=\"wp-block-ewatts-blocks-clearfloat mod_clearfloat\"><\/div>\n\n\n\n<figure class=\"wp-block-image size-large\"><img loading=\"lazy\" decoding=\"async\" width=\"1024\" height=\"508\" src=\"https:\/\/ewatts-tech.com\/wp-content\/uploads\/2021\/04\/Img_ewatts_Tratamiento_Purines_PhosNit_1920px-1024x508.jpg\" alt=\"\" class=\"wp-image-503\" srcset=\"https:\/\/ewatts-tech.com\/wp-content\/uploads\/2021\/04\/Img_ewatts_Tratamiento_Purines_PhosNit_1920px-1024x508.jpg 1024w, https:\/\/ewatts-tech.com\/wp-content\/uploads\/2021\/04\/Img_ewatts_Tratamiento_Purines_PhosNit_1920px-300x149.jpg 300w, https:\/\/ewatts-tech.com\/wp-content\/uploads\/2021\/04\/Img_ewatts_Tratamiento_Purines_PhosNit_1920px-768x381.jpg 768w, https:\/\/ewatts-tech.com\/wp-content\/uploads\/2021\/04\/Img_ewatts_Tratamiento_Purines_PhosNit_1920px-1536x762.jpg 1536w, https:\/\/ewatts-tech.com\/wp-content\/uploads\/2021\/04\/Img_ewatts_Tratamiento_Purines_PhosNit_1920px.jpg 1920w\" sizes=\"auto, (max-width: 1024px) 100vw, 1024px\" \/><\/figure>\n\n\n\n<div class=\"wp-block-ewatts-blocks-botones mod_botons clearfix\">\n<a class=\"wp-block-ewatts-blocks-boton com_bt transparente normal flotar_1\" href=\"https:\/\/ewatts-tech.com\/contacto\/\">+ INFO<\/a>\n<\/div>\n<\/div><\/div>\n<\/div><\/div><\/div>\n\n\n\n<div class=\"wp-block-ewatts-blocks-business mod_slider var_bg_gris\"><div class=\"maq_marges_verticals  maq_marges_horitzontals\"><div class=\"maq_contenidor_estret\"><h2 class=\"com_titular_1 \">Business cases<\/h2><div class=\"slider js_slick\">\n<div class=\"wp-block-ewatts-blocks-business-in slide\"><div class=\"maq_columnas cols_2 call_to_action_1\"><div class=\"maq_col foto\"><img decoding=\"async\" src=\"https:\/\/ewatts-tech.com\/wp-content\/uploads\/2021\/03\/BC_ewatts_quimica_1920px.jpg\"\/><\/div><div class=\"maq_col centrar-verticalment\"><div class=\"com_destacat centrat-verticalment\"><h2 class=\"com_titular_2 \">Industria Qu\u00edmica<\/h2><p>Donec quam felis, ultricies nec, pellentesque eu, pretium quis, sem. Nulla consequat massa quis enim. Donec pede justo.<\/p><p class=\"call_to_action\"><a class=\"com_bt transparente normal\" href=\"https:\/\/ewatts-tech.com\/business-cases\/#industria-del-sector-quimico\">VER +<\/a><\/p><\/div><\/div><\/div><\/div>\n\n\n\n<div class=\"wp-block-ewatts-blocks-business-in slide\"><div class=\"maq_columnas cols_2 call_to_action_1\"><div class=\"maq_col foto\"><img decoding=\"async\" src=\"https:\/\/ewatts-tech.com\/wp-content\/uploads\/2021\/03\/BC_ewatts_farmaceutico_1920px.jpg\"\/><\/div><div class=\"maq_col centrar-verticalment\"><div class=\"com_destacat centrat-verticalment\"><h2 class=\"com_titular_2 \">Industria Farmac\u00e9utica<\/h2><p>Donec quam felis, ultricies nec, pellentesque eu, pretium quis, sem. Nulla consequat massa quis enim. Donec pede justo.<\/p><p class=\"call_to_action\"><a class=\"com_bt transparente normal\" href=\"https:\/\/ewatts-tech.com\/business-cases\/#industria-del-sector-farmaceutico\">VER +<\/a><\/p><\/div><\/div><\/div><\/div>\n<\/div><\/div><\/div><\/div>\n\n\n\n\n\n<div class=\"wp-block-ewatts-blocks-landing mod_landing\"><div class=\"maq_columnas cols_3\">\n<div class=\"wp-block-ewatts-blocks-landing-in maq_col\"><a href=\"https:\/\/ewatts-tech.com\/tratamiento-de-aguas\/\"><div class=\"inner\"><h2 class=\"com_titular_2 ombra_text_fosca \">Tratamiento de aguas<\/h2><\/div><div class=\"img\" style=\"background-image:url(https:\/\/ewatts-tech.com\/wp-content\/uploads\/2021\/03\/cientific.jpg)\"><\/div><\/a><\/div>\n\n\n\n<div class=\"wp-block-ewatts-blocks-landing-in maq_col\"><a href=\"https:\/\/ewatts-tech.com\/regenaracion-recuperacion-y-reciclaje-por-via-electroquimica-e-r\/\"><div class=\"inner\"><h2 class=\"com_titular_2 ombra_text_fosca \">Regeneraci\u00f3n, Recuperaci\u00f3n y Reciclaje<\/h2><\/div><div class=\"img\" style=\"background-image:url(https:\/\/ewatts-tech.com\/wp-content\/uploads\/2021\/03\/Slider_Tratamientio-Aguas_Ewatts_1920px_02.jpg)\"><\/div><\/a><\/div>\n\n\n\n<div class=\"wp-block-ewatts-blocks-landing-in maq_col\"><a href=\"https:\/\/ewatts-tech.com\/hidrogeno-energia-y-cogeneracion-electroquimica-e-h\/\"><div class=\"inner\"><h2 class=\"com_titular_2 ombra_text_fosca \">Hidr\u00f3geno, energ\u00eda y cogeneraci\u00f3n electroqu\u00edmica<\/h2><\/div><div class=\"img\" style=\"background-image:url(https:\/\/ewatts-tech.com\/wp-content\/uploads\/2021\/03\/Producto_Hidrogeno_Cogeneracion_1920px.jpg)\"><\/div><\/a><\/div>\n<\/div><\/div>\n\n\n\n<div class=\"wp-block-ewatts-blocks-franja mod_ban ombra_text_fosca preview_call_to_action_1 contingut_enmig com_blanc\" style=\"background-image:url('https:\/\/ewatts-tech.com\/wp-content\/uploads\/2021\/03\/aigua2.jpg')\"><div class=\"inner maq_marges_horitzontals\"><div class=\"maq_contenidor\"><div class=\"bloc_contingut\"><h2 class=\"com_titular_1\">Contacta con nosotros<\/h2><div class=\"text\"><p>Si est\u00e1s interesado o quieres m\u00e1s informaci\u00f3n sobre nuestros servicios o productos, ponte en contacto con nosotros.<\/p><\/div><p class=\"call_to_action\"><a class=\"com_bt semiblanc normal\" href=\"https:\/\/ewatts-tech.com\/contacto\/\">CONTACTA<\/a><\/p><\/div><\/div><\/div><\/div>\n\n\n\n<p><\/p>\n","protected":false},"excerpt":{"rendered":"<p>Tecnolog\u00eda orientada a eliminar el riesgo ambiental de \u00e9stos a trav\u00e9s de: M\u00e1xima recuperaci\u00f3n de nutrientes para su utilizaci\u00f3n como fertilizantes. Eliminaci\u00f3n\/Reducci\u00f3n&nbsp; de Nitr\u00f3geno Total Reducci\u00f3n de tierras de cultivo [&hellip;]<\/p>\n","protected":false},"author":1,"featured_media":0,"parent":0,"menu_order":0,"comment_status":"closed","ping_status":"closed","template":"","meta":{"footnotes":""},"class_list":["post-761","page","type-page","status-publish","hentry"],"_links":{"self":[{"href":"https:\/\/ewatts-tech.com\/ca\/wp-json\/wp\/v2\/pages\/761","targetHints":{"allow":["GET"]}}],"collection":[{"href":"https:\/\/ewatts-tech.com\/ca\/wp-json\/wp\/v2\/pages"}],"about":[{"href":"https:\/\/ewatts-tech.com\/ca\/wp-json\/wp\/v2\/types\/page"}],"author":[{"embeddable":true,"href":"https:\/\/ewatts-tech.com\/ca\/wp-json\/wp\/v2\/users\/1"}],"replies":[{"embeddable":true,"href":"https:\/\/ewatts-tech.com\/ca\/wp-json\/wp\/v2\/comments?post=761"}],"version-history":[{"count":1,"href":"https:\/\/ewatts-tech.com\/ca\/wp-json\/wp\/v2\/pages\/761\/revisions"}],"predecessor-version":[{"id":762,"href":"https:\/\/ewatts-tech.com\/ca\/wp-json\/wp\/v2\/pages\/761\/revisions\/762"}],"wp:attachment":[{"href":"https:\/\/ewatts-tech.com\/ca\/wp-json\/wp\/v2\/media?parent=761"}],"curies":[{"name":"wp","href":"https:\/\/api.w.org\/{rel}","templated":true}]}}