{"id":759,"date":"2021-03-15T15:43:43","date_gmt":"2021-03-15T15:43:43","guid":{"rendered":"https:\/\/ewatts-tech.com\/servicios-ambientales\/"},"modified":"2021-06-02T18:31:08","modified_gmt":"2021-06-02T16:31:08","slug":"serveis-ambientals","status":"publish","type":"page","link":"https:\/\/ewatts-tech.com\/ca\/serveis-ambientals\/","title":{"rendered":"Serveis Ambientals"},"content":{"rendered":"\n<div class=\"wp-block-ewatts-blocks-destacado  mod_destacat var_bg_gris call_to_action_0\"><div class=\"inner maq_marges_horitzontals maq_marges_verticals\"><div class=\"maq_contenidor\"><h2 class=\"com_titular_2 \">Serveis Ambientals<\/h2><div class=\"text\"><p>e-Watts ofereix al client tota una s\u00e8rie de serveis, per a l&#8217;\u00f2ptima execuci\u00f3 de les diferents solucions ambientals: Estudis de viabilitat, Controls anal\u00edtics, Enginyeria\/projectes, Pilotatges industrials, Estudis d&#8217;impacte i Peritatges ambientals.<\/p><\/div><\/div><\/div><\/div>\n\n\n\n<div class=\"wp-block-ewatts-blocks-desplegable mod_desplegables\"><div class=\"maq_marges_verticals  maq_marges_horitzontals\"><div class=\"maq_contenidor\">\n<div class=\"wp-block-ewatts-blocks-desplegable-in item\"><div class=\"pregunta com_titular_3\"><span class=\"icon-plus\"><\/span><p>Estudis de tractabilitat i viabilitat (e-TRS)<\/p><\/div><div class=\"resposta\">\n<p class=\"is-style-mas-junto\">Estudis previs (&nbsp;Go&nbsp;\/ No&nbsp;Go&nbsp;) , i proves pilot de laboratori, per a veure la viabilitat dels tractaments electroqu\u00edmics i calcular:<\/p>\n\n\n\n<p>Efici\u00e8ncia del proc\u00e9s de tractament proposat<br>Costos d&#8217;inversi\u00f3 (Capex)<br>Costos d&#8217;explotaci\u00f3 (Opex)<\/p>\n\n\n\n<p><\/p>\n\n\n\n<div class=\"wp-block-ewatts-blocks-botones mod_botons clearfix\">\n<a class=\"wp-block-ewatts-blocks-boton com_bt transparente normal flotar_1\" href=\"https:\/\/ewatts-tech.com\/ca\/contacte\/\">+ INFO<\/a>\n<\/div>\n<\/div><\/div>\n\n\n\n<div class=\"wp-block-ewatts-blocks-desplegable-in item\"><div class=\"pregunta com_titular_3\"><span class=\"icon-plus\"><\/span><p>Laboratori d&#8217;an\u00e0lisi ambiental: (e-LAS)<\/p><\/div><div class=\"resposta\">\n<h2 class=\"is-style-com_titular_6 wp-block-heading\">Matrius analitzables<\/h2>\n\n\n\n<ul class=\"wp-block-list\"><li>Aig\u00fces: de proc\u00e9s, subterr\u00e0nies, industrials i residuals.<\/li><li>Residus: l\u00edquids i s\u00f2lids.<\/li><li>Gasos: emissions \/ immissions.<\/li><li>S\u00f2ls contaminats<\/li><\/ul>\n\n\n\n<h2 class=\"is-style-com_titular_6 wp-block-heading\">Tipus d&#8217;an\u00e0lisi<\/h2>\n\n\n\n<ul class=\"wp-block-list\"><li>Inorg\u00e0nics: Espectrosc\u00f2pia,&nbsp;electrometria, Cromatografia I\u00f2nica,&nbsp;ICP-Masses.<\/li><li>Org\u00e0nics: GC-MS, HPLC-MS, ANAR,&nbsp;RMN&#8230;<\/li><li>Ecotoxicol\u00f2gics:&nbsp;microalgues, micro&nbsp;crustacis, peixos,&nbsp;Microtox, Tests de germinaci\u00f3.<\/li><li>Biodegradabilitat:&nbsp;Tests OCDE&nbsp;en aig\u00fces i s\u00f2ls,&nbsp;respirometries.<\/li><\/ul>\n\n\n\n<div class=\"wp-block-ewatts-blocks-botones mod_botons clearfix\">\n<a class=\"wp-block-ewatts-blocks-boton com_bt transparente normal flotar_1\" href=\"https:\/\/ewatts-tech.com\/ca\/contacte\/\">+ INFO<\/a>\n<\/div>\n\n\n\n<div class=\"wp-block-ewatts-blocks-clearfloat mod_clearfloat\"><\/div>\n<\/div><\/div>\n\n\n\n<div class=\"wp-block-ewatts-blocks-desplegable-in item\"><div class=\"pregunta com_titular_3\"><span class=\"icon-plus\"><\/span><p>Serveis d&#8217;enginyeria integrals (e-ENS)<\/p><\/div><div class=\"resposta\">\n<ul class=\"wp-block-list\"><li>Pilotatges Industrials \u2013 Valoraci\u00f3 econ\u00f2mica&nbsp;opex-capex<\/li><li>Disseny de processos i reactors<\/li><li>Avantprojectes i projectes executius<\/li><li>Direcci\u00f3 de projectes i obres<\/li><li>Posada en marxa de tractaments<\/li><li>Serveis de control remot d&#8217;instal\u00b7lacions de tractament<\/li><li>Manteniment i explotaci\u00f3 d&#8217;instal\u00b7lacions<\/li><\/ul>\n\n\n\n<div class=\"wp-block-ewatts-blocks-botones mod_botons clearfix\">\n<a class=\"wp-block-ewatts-blocks-boton com_bt transparente normal flotar_1\" href=\"https:\/\/ewatts-tech.com\/ca\/contacte\/\">+ INFO<\/a>\n<\/div>\n<\/div><\/div>\n\n\n\n<div class=\"wp-block-ewatts-blocks-desplegable-in item\"><div class=\"pregunta com_titular_3\"><span class=\"icon-plus\"><\/span><p>Peritatges i estudis d&#8217;impacte (e-SIS)<\/p><\/div><div class=\"resposta\">\n<h2 class=\"is-style-com_titular_6 wp-block-heading\">Peritatges (e-S)<\/h2>\n\n\n\n<ul class=\"wp-block-list\"><li>Informes periciales.<\/li><li>Asistencia a juicios.<\/li><li>C\u00e1lculo de pasivos ambientales.<\/li><\/ul>\n\n\n\n<h2 class=\"is-style-com_titular_6 wp-block-heading\">Estudis d&#8217;impacte ambiental (e-SIM)<\/h2>\n\n\n\n<ul class=\"wp-block-list\"><li>Establir les condicions ambientals inicials.<\/li><li>Identificar els tipus d&#8217;impactes en els diferents vectors.<\/li><li>Estimar l&#8217;extensi\u00f3 i magnitud dels impactes.<\/li><li>Interpretar el significat dels impactes.<\/li><li>Informe final, comunicant els resultats.<\/li><\/ul>\n\n\n\n<div class=\"wp-block-ewatts-blocks-botones mod_botons clearfix\">\n<a class=\"wp-block-ewatts-blocks-boton com_bt transparente normal flotar_1\" href=\"https:\/\/ewatts-tech.com\/ca\/contacte\/\">+ INFO<\/a>\n<\/div>\n<\/div><\/div>\n\n\n\n<div class=\"wp-block-ewatts-blocks-desplegable-in item\"><div class=\"pregunta com_titular_3\"><span class=\"icon-plus\"><\/span><p>Projectes d&#8217;optimitzaci\u00f3 en la gesti\u00f3 integral de residus:<\/p><\/div><div class=\"resposta\">\n<ul class=\"wp-block-list\"><li>C<\/li><\/ul>\n\n\n\n<ul class=\"wp-block-list\"><li>Caracteritzaci\u00f3 dels diferents residus.<\/li><li>Minimitzaci\u00f3 en origen.<\/li><li>Valoritzaci\u00f3 material i\/o energ\u00e8tica.<\/li><li>Alternatives de gesti\u00f3 i eliminaci\u00f3.<\/li><\/ul>\n\n\n\n<div class=\"wp-block-ewatts-blocks-botones mod_botons clearfix\">\n<a class=\"wp-block-ewatts-blocks-boton com_bt transparente normal flotar_1\" href=\"https:\/\/ewatts-tech.com\/ca\/contacte\/\">+ INFO<\/a>\n<\/div>\n<\/div><\/div>\n<\/div><\/div><\/div>\n\n\n\n<div class=\"wp-block-ewatts-blocks-business mod_slider var_bg_gris\"><div class=\"maq_marges_verticals  maq_marges_horitzontals\"><div class=\"maq_contenidor_estret\"><h2 class=\"com_titular_1 \">Business cases<\/h2><div class=\"slider js_slick\">\n<div class=\"wp-block-ewatts-blocks-business-in slide\"><div class=\"maq_columnas cols_2 call_to_action_1\"><div class=\"maq_col foto\"><img decoding=\"async\" src=\"https:\/\/ewatts-tech.com\/wp-content\/uploads\/2021\/03\/BC_ewatts_automocion_1920px.jpg\"\/><\/div><div class=\"maq_col centrar-verticalment\"><div class=\"com_destacat centrat-verticalment\"><h2 class=\"com_titular_2 \">Industria Automoci\u00f3<\/h2><p><\/p><p class=\"call_to_action\"><a class=\"com_bt transparente normal\" href=\"https:\/\/ewatts-tech.com\/ca\/business-cases\/#industria-del-sector-automocio\">VEURE +<\/a><\/p><\/div><\/div><\/div><\/div>\n\n\n\n<div class=\"wp-block-ewatts-blocks-business-in slide\"><div class=\"maq_columnas cols_2 call_to_action_1\"><div class=\"maq_col foto\"><img decoding=\"async\" src=\"https:\/\/ewatts-tech.com\/wp-content\/uploads\/2021\/03\/BC_ewatts_quimica_1920px.jpg\"\/><\/div><div class=\"maq_col centrar-verticalment\"><div class=\"com_destacat centrat-verticalment\"><h2 class=\"com_titular_2 \">Industria Qu\u00edmica<\/h2><p><\/p><p class=\"call_to_action\"><a class=\"com_bt transparente normal\" href=\"https:\/\/ewatts-tech.com\/ca\/business-cases\/#industria-del-sector-quimic\">VER +<\/a><\/p><\/div><\/div><\/div><\/div>\n<\/div><\/div><\/div><\/div>\n\n\n\n\n\n<div class=\"wp-block-ewatts-blocks-franja mod_ban ombra_text_fosca preview_call_to_action_1 contingut_enmig com_blanc\" style=\"background-image:url('https:\/\/ewatts-tech.com\/wp-content\/uploads\/2021\/03\/aigua2.jpg')\"><div class=\"inner maq_marges_horitzontals\"><div class=\"maq_contenidor\"><div class=\"bloc_contingut\"><h2 class=\"com_titular_1\">Contacta amb nosaltres<\/h2><div class=\"text\"><p>Si est\u00e0s interessat o vols m\u00e9s informaci\u00f3 sobre els nostres serveis o productes, posa&#8217;t en contacte amb nosaltres.<\/p><\/div><p class=\"call_to_action\"><a class=\"com_bt semiblanc normal\" href=\"https:\/\/ewatts-tech.com\/ca\/contacte\/\">CONTACTA<\/a><\/p><\/div><\/div><\/div><\/div>\n\n\n\n<p><\/p>\n","protected":false},"excerpt":{"rendered":"","protected":false},"author":1,"featured_media":0,"parent":0,"menu_order":0,"comment_status":"closed","ping_status":"closed","template":"","meta":{"footnotes":""},"class_list":["post-759","page","type-page","status-publish","hentry"],"_links":{"self":[{"href":"https:\/\/ewatts-tech.com\/ca\/wp-json\/wp\/v2\/pages\/759","targetHints":{"allow":["GET"]}}],"collection":[{"href":"https:\/\/ewatts-tech.com\/ca\/wp-json\/wp\/v2\/pages"}],"about":[{"href":"https:\/\/ewatts-tech.com\/ca\/wp-json\/wp\/v2\/types\/page"}],"author":[{"embeddable":true,"href":"https:\/\/ewatts-tech.com\/ca\/wp-json\/wp\/v2\/users\/1"}],"replies":[{"embeddable":true,"href":"https:\/\/ewatts-tech.com\/ca\/wp-json\/wp\/v2\/comments?post=759"}],"version-history":[{"count":5,"href":"https:\/\/ewatts-tech.com\/ca\/wp-json\/wp\/v2\/pages\/759\/revisions"}],"predecessor-version":[{"id":970,"href":"https:\/\/ewatts-tech.com\/ca\/wp-json\/wp\/v2\/pages\/759\/revisions\/970"}],"wp:attachment":[{"href":"https:\/\/ewatts-tech.com\/ca\/wp-json\/wp\/v2\/media?parent=759"}],"curies":[{"name":"wp","href":"https:\/\/api.w.org\/{rel}","templated":true}]}}