{"id":757,"date":"2021-03-15T15:51:16","date_gmt":"2021-03-15T15:51:16","guid":{"rendered":"https:\/\/ewatts-tech.com\/rd\/"},"modified":"2021-06-02T18:32:13","modified_gmt":"2021-06-02T16:32:13","slug":"rd","status":"publish","type":"page","link":"https:\/\/ewatts-tech.com\/ca\/rd\/","title":{"rendered":"R+D"},"content":{"rendered":"\n<div class=\"wp-block-ewatts-blocks-destacado  mod_destacat var_bg_gris call_to_action_0\"><div class=\"inner maq_marges_horitzontals maq_marges_verticals\"><div class=\"maq_contenidor\"><h2 class=\"com_titular_2 \">R+D<\/h2><div class=\"text\"><p>\u00a0e-Watts t\u00e9 com a base del seu ADN, el desenvolupament tecnol\u00f2gic i la realitzaci\u00f3 de nous projectes R+D, per a l&#8217;evoluci\u00f3 continuada de la seva tecnologia i processos, adaptant-se als nous reptes per a la millora ambiental.<\/p><\/div><\/div><\/div><\/div>\n\n\n\n<div class=\"wp-block-ewatts-blocks-desplegable mod_desplegables\"><div class=\"maq_marges_verticals  maq_marges_horitzontals\"><div class=\"maq_contenidor\">\n<div class=\"wp-block-ewatts-blocks-desplegable-in item\"><div class=\"pregunta com_titular_3\"><span class=\"icon-plus\"><\/span><p>Innovaci\u00f3<\/p><\/div><div class=\"resposta\">\n<ul class=\"wp-block-list\"><li>e-Watts&nbsp;Technologies&nbsp;S.L. realitza de manera cont\u00ednua R+D com a part del seu ADN i filosofia.<\/li><li>Participa tant en projectes nacionals com internacionals.<\/li><li>Participa conjuntament amb els seus clients en projectes R+D per a l&#8217;evoluci\u00f3 del producte, tecnologia i aplicacions.<\/li><\/ul>\n<\/div><\/div>\n\n\n\n<div class=\"wp-block-ewatts-blocks-desplegable-in item\"><div class=\"pregunta com_titular_3\"><span class=\"icon-plus\"><\/span><p>Patents<\/p><\/div><div class=\"resposta\">\n<ul class=\"wp-block-list\"><li>Registre de patents basades en el disseny i processos aplicats a la utilitzaci\u00f3 de la tecnologia electroqu\u00edmica, en els diferents vectors ambientals.<\/li><\/ul>\n\n\n\n<ul class=\"wp-block-list\"><li>Evoluci\u00f3 i millora de patents.<\/li><\/ul>\n\n\n\n<p>RELACI\u00d3 DE PATENTS:<\/p>\n\n\n\n<ul class=\"wp-block-list\"><li><span class=\"has-inline-color has-vivid-cyan-blue-color\">01<\/span>&#8211; REACTOR ELECTROQU\u00cdMIC.&nbsp;N\u00ba&nbsp;EP. 21382141.6.&nbsp;<\/li><\/ul>\n\n\n\n<p>Sistema de reactor electroqu\u00edmic amb mitjans per al seu manteniment i neteja.<\/p>\n\n\n\n<ul class=\"wp-block-list\"><li><span class=\"has-inline-color has-vivid-cyan-blue-color\">02-<\/span>&nbsp;SISTEMA ELECTROQU\u00cdMIC PER A l&#8217;ESTABILITZACI\u00d3 I INCREMENT DE BIOG\u00c0S EN&nbsp;BIODIGESTORS, AMB COGENERACI\u00d3 D&#8217;HIDROGEN (en proc\u00e9s de presentaci\u00f3).<\/li><\/ul>\n\n\n\n<ul class=\"wp-block-list\"><li><span class=\"has-inline-color has-vivid-cyan-blue-color\">03-<\/span>&nbsp;PROC\u00c9S&nbsp;DE ELECTRO-OXIDACI\u00d3&nbsp;AVAN\u00c7ADA PER Al TRACTAMENT DE COMPOSTOS ORG\u00c0NICS&nbsp;BIORREFRACTARIS&nbsp;(en proc\u00e9s de presentaci\u00f3).<\/li><\/ul>\n\n\n\n<ul class=\"wp-block-list\"><li><span class=\"has-inline-color has-vivid-cyan-blue-color\">04-<\/span>&nbsp;PROC\u00c9S ELECTROQU\u00cdMIC PER A PRODUCCI\u00d3 D&#8217;HIDROGEN (en proc\u00e9s de presentaci\u00f3).&nbsp;<\/li><\/ul>\n\n\n\n<ul class=\"wp-block-list\"><li><span class=\"has-inline-color has-vivid-cyan-blue-color\">05-<\/span>&nbsp;NANOPART\u00cdCULES I PROC\u00c9S ELECTROQU\u00cdMIC PER A la REDUCCI\u00d3 DE SALINITAT (en proc\u00e9s de presentaci\u00f3).<\/li><\/ul>\n\n\n\n<ul class=\"wp-block-list\"><li><span class=\"has-inline-color has-vivid-cyan-blue-color\">06-<\/span>&nbsp;TRACTAMENT ELECTROQU\u00cdMIC DE RESIDUS AQUOSOS (en proc\u00e9s de presentaci\u00f3).&nbsp;<\/li><\/ul>\n\n\n\n<ul class=\"wp-block-list\"><li><span class=\"has-inline-color has-vivid-cyan-blue-color\">07-<\/span>&nbsp;TRACTAMENT ELECTROQU\u00cdMIC PER A la VALORITZACI\u00d3 DE RESIDUS RAMADERS (en proc\u00e9s de presentaci\u00f3).<\/li><\/ul>\n<\/div><\/div>\n\n\n\n<div class=\"wp-block-ewatts-blocks-desplegable-in item\"><div class=\"pregunta com_titular_3\"><span class=\"icon-plus\"><\/span><p>Licencias<\/p><\/div><div class=\"resposta\">\n<h2 class=\"is-style-com_titular_6 wp-block-heading\">Llic\u00e8ncies tecnol\u00f2giques i know-how<\/h2>\n\n\n\n<p class=\"has-small-font-size\">(Contractes de Llic\u00e8ncia i\/o Venda de Patents)<\/p>\n\n\n\n<ul class=\"wp-block-list\"><li>Es llicencien tecnologies i Know-how a companyies tecnol\u00f2giques a nivell internacional.<\/li><li>Es poden vendre en exclusiva determinades patents per a la seva explotaci\u00f3 internacional.<\/li><\/ul>\n<\/div><\/div>\n<\/div><\/div><\/div>\n\n\n\n<div class=\"wp-block-ewatts-blocks-business mod_slider var_bg_gris\"><div class=\"maq_marges_verticals  maq_marges_horitzontals\"><div class=\"maq_contenidor_estret\"><h2 class=\"com_titular_1 \">Business cases<\/h2><div class=\"slider js_slick\">\n<div class=\"wp-block-ewatts-blocks-business-in slide\"><div class=\"maq_columnas cols_2 call_to_action_1\"><div class=\"maq_col foto\"><img decoding=\"async\" src=\"https:\/\/ewatts-tech.com\/wp-content\/uploads\/2021\/03\/BC_ewatts_quimica_1920px.jpg\"\/><\/div><div class=\"maq_col centrar-verticalment\"><div class=\"com_destacat centrat-verticalment\"><h2 class=\"com_titular_2 \">Sector Qu\u00edmic<\/h2><p><\/p><p class=\"call_to_action\"><a class=\"com_bt transparente normal\" href=\"https:\/\/ewatts-tech.com\/ca\/business-cases\/#industria-del-sector-quimic\">VEURE +<\/a><\/p><\/div><\/div><\/div><\/div>\n\n\n\n<div class=\"wp-block-ewatts-blocks-business-in slide\"><div class=\"maq_columnas cols_2 call_to_action_1\"><div class=\"maq_col foto\"><img decoding=\"async\" src=\"https:\/\/ewatts-tech.com\/wp-content\/uploads\/2021\/03\/BC_ewatts_farmaceutico_1920px.jpg\"\/><\/div><div class=\"maq_col centrar-verticalment\"><div class=\"com_destacat centrat-verticalment\"><h2 class=\"com_titular_2 \">Sector Farmac\u00e8utic<\/h2><p><\/p><p class=\"call_to_action\"><a class=\"com_bt transparente normal\" href=\"https:\/\/ewatts-tech.com\/ca\/business-cases\/#industria-del-sector-farmaceutic\">VEURE +<\/a><\/p><\/div><\/div><\/div><\/div>\n\n\n\n<div class=\"wp-block-ewatts-blocks-business-in slide\"><div class=\"maq_columnas cols_2 call_to_action_1\"><div class=\"maq_col foto\"><img decoding=\"async\" src=\"https:\/\/ewatts-tech.com\/wp-content\/uploads\/2021\/03\/BC_ewatts_automocion_1920px.jpg\"\/><\/div><div class=\"maq_col centrar-verticalment\"><div class=\"com_destacat centrat-verticalment\"><h2 class=\"com_titular_2 \">Sector Automoci\u00f3<\/h2><p><\/p><p class=\"call_to_action\"><a class=\"com_bt transparente normal\" href=\"https:\/\/ewatts-tech.com\/ca\/business-cases\/#industria-del-sector-automocio\">VEURE +<\/a><\/p><\/div><\/div><\/div><\/div>\n<\/div><\/div><\/div><\/div>\n\n\n\n<div class=\"wp-block-ewatts-blocks-franja mod_ban ombra_text_fosca preview_call_to_action_1 contingut_enmig com_blanc\" style=\"background-image:url('https:\/\/ewatts-tech.com\/wp-content\/uploads\/2021\/03\/aigua2.jpg')\"><div class=\"inner maq_marges_horitzontals\"><div class=\"maq_contenidor\"><div class=\"bloc_contingut\"><h2 class=\"com_titular_1\">Contacta amb nosaltres<\/h2><div class=\"text\"><p>Si est\u00e0s interessat o vols m\u00e9s informaci\u00f3 sobre els nostres serveis o productes, posa&#8217;t en contacte amb nosaltres.<\/p><\/div><p class=\"call_to_action\"><a class=\"com_bt semiblanc normal\" href=\"https:\/\/ewatts-tech.com\/ca\/contacte\/\">CONTACTA<\/a><\/p><\/div><\/div><\/div><\/div>\n\n\n\n<p><\/p>\n","protected":false},"excerpt":{"rendered":"","protected":false},"author":1,"featured_media":0,"parent":0,"menu_order":0,"comment_status":"closed","ping_status":"closed","template":"","meta":{"footnotes":""},"class_list":["post-757","page","type-page","status-publish","hentry"],"_links":{"self":[{"href":"https:\/\/ewatts-tech.com\/ca\/wp-json\/wp\/v2\/pages\/757","targetHints":{"allow":["GET"]}}],"collection":[{"href":"https:\/\/ewatts-tech.com\/ca\/wp-json\/wp\/v2\/pages"}],"about":[{"href":"https:\/\/ewatts-tech.com\/ca\/wp-json\/wp\/v2\/types\/page"}],"author":[{"embeddable":true,"href":"https:\/\/ewatts-tech.com\/ca\/wp-json\/wp\/v2\/users\/1"}],"replies":[{"embeddable":true,"href":"https:\/\/ewatts-tech.com\/ca\/wp-json\/wp\/v2\/comments?post=757"}],"version-history":[{"count":4,"href":"https:\/\/ewatts-tech.com\/ca\/wp-json\/wp\/v2\/pages\/757\/revisions"}],"predecessor-version":[{"id":971,"href":"https:\/\/ewatts-tech.com\/ca\/wp-json\/wp\/v2\/pages\/757\/revisions\/971"}],"wp:attachment":[{"href":"https:\/\/ewatts-tech.com\/ca\/wp-json\/wp\/v2\/media?parent=757"}],"curies":[{"name":"wp","href":"https:\/\/api.w.org\/{rel}","templated":true}]}}