{"id":753,"date":"2021-03-08T08:54:18","date_gmt":"2021-03-08T08:54:18","guid":{"rendered":"https:\/\/ewatts-tech.com\/inicio\/"},"modified":"2021-06-02T18:25:31","modified_gmt":"2021-06-02T16:25:31","slug":"inicio","status":"publish","type":"page","link":"https:\/\/ewatts-tech.com\/ca\/","title":{"rendered":"Inicio"},"content":{"rendered":"\n<div class=\"wp-block-ewatts-blocks-destacado  mod_destacat var_bg_gris call_to_action_1\"><div class=\"inner maq_marges_horitzontals maq_marges_verticals\"><div class=\"maq_contenidor\"><h2 class=\"com_titular_1 \">Especialistes en\u00a0Tecnolgia\u00a0Electroqu\u00edmica<\/h2><div class=\"text\"><p><br>e-Watts<sup>\u00ae<\/sup> \u00e9s una empresa especialista en Tecnologia Electroqu\u00edmica amb \u201cSolucions Mediambientals, T\u00e8cnicament i Econ\u00f2micament viables, enfocades a l&#8217;Economia Circular&#8221;.<\/p><\/div><p class=\"call_to_action\"><a class=\"com_bt\" href=\"https:\/\/ewatts-tech.com\/ca\/e-watts\/\">e-Watts<\/a><\/p><\/div><\/div><\/div>\n\n\n\n<div class=\"wp-block-ewatts-blocks-elementos mod_elements maq_marges_verticals maq_marges_horitzontals\"><div class=\"maq_contenidor\"><div class=\"maq_columnas cols_3\">\n<div class=\"wp-block-ewatts-blocks-elemento-in maq_col\"><div class=\"inner call_to_action_1\"><p class=\"ico js_iguala_height_ico\"><img decoding=\"async\" src=\"https:\/\/ewatts-tech.com\/wp-content\/uploads\/2021\/03\/ico_h2o.png\"\/><\/p><div class=\"js_iguala_height\"><h2 class=\"com_titular_3 \">Tractament d&#8217;aig\u00fces<\/h2><\/div><div class=\"js_iguala_height_2 filet_separador\"><p>La tecnologia electroqu\u00edmica basa el seu tractament en la utilitzaci\u00f3 dels electrons per a la generaci\u00f3 de Coagulants o Oxidants.<\/p><\/div><p class=\"call_to_action\"><a class=\"com_bt transparent normal\" href=\"https:\/\/ewatts-tech.com\/ca\/tractament-aigues\/\">VEURE +<\/a><\/p><\/div><\/div>\n\n\n\n<div class=\"wp-block-ewatts-blocks-elemento-in maq_col\"><div class=\"inner call_to_action_1\"><p class=\"ico js_iguala_height_ico\"><img decoding=\"async\" src=\"https:\/\/ewatts-tech.com\/wp-content\/uploads\/2021\/03\/ico_recicla.png\"\/><\/p><div class=\"js_iguala_height\"><h2 class=\"com_titular_3 \"><strong>Regeneraci\u00f3, Recuperaci\u00f3 i Reciclatge<\/strong><\/h2><\/div><div class=\"js_iguala_height_2 filet_separador\"><p>La tecnologia electroqu\u00edmica permet adaptar-se a les noves normatives, orientades a l&#8217;economia circular.<\/p><\/div><p class=\"call_to_action\"><a class=\"com_bt transparent normal\" href=\"https:\/\/ewatts-tech.com\/ca\/regenaracio-recuperacio-i-reciclatge-per-via-electroquimica-e-r\/\">VEURE +<\/a><\/p><\/div><\/div>\n\n\n\n<div class=\"wp-block-ewatts-blocks-elemento-in maq_col\"><div class=\"inner call_to_action_1\"><p class=\"ico js_iguala_height_ico\"><img decoding=\"async\" src=\"https:\/\/ewatts-tech.com\/wp-content\/uploads\/2021\/03\/ico_electro.png\"\/><\/p><div class=\"js_iguala_height\"><h2 class=\"com_titular_3 \">Hidrogen, energia i cogeneraci\u00f3 electroqu\u00edmica<\/h2><\/div><div class=\"js_iguala_height_2 filet_separador\"><p>L&#8217;electroqu\u00edmica ens permet la producci\u00f3, recuperaci\u00f3 i cogeneraci\u00f3 de l&#8217;hidrogen per a la producci\u00f3 d&#8217;energia verda.<\/p><\/div><p class=\"call_to_action\"><a class=\"com_bt transparent normal\" href=\"https:\/\/ewatts-tech.com\/ca\/hidrogen-energia-i-cogeneracio-electroquimica-e-h\/\">VEURE +<\/a><\/p><\/div><\/div>\n<\/div><\/div><\/div>\n\n\n\n<div class=\"wp-block-ewatts-blocks-franja mod_ban ombra_text_fosca preview_call_to_action_1 contingut_dreta com_blanc\" style=\"background-image:url('https:\/\/ewatts-tech.com\/wp-content\/uploads\/2021\/03\/llavor.jpg')\"><div class=\"inner maq_marges_horitzontals\"><div class=\"maq_contenidor\"><div class=\"bloc_contingut\"><h2 class=\"com_titular_2\">Serveis Ambientals<\/h2><div class=\"text\"><p>e-Watts<sup>\u00ae<\/sup> ofereix al client tota una s\u00e8rie de serveis, per a l&#8217;\u00f2ptima execuci\u00f3 de les diferents solucions ambientals.<\/p><\/div><p class=\"call_to_action\"><a class=\"com_bt semiblanc normal\" href=\"https:\/\/ewatts-tech.com\/ca\/serveis-ambientals\/\">VEURE +<\/a><\/p><\/div><\/div><\/div><\/div>\n\n\n\n\n\n<div class=\"wp-block-ewatts-blocks-business mod_slider var_bg_gris\"><div class=\"maq_marges_verticals  maq_marges_horitzontals\"><div class=\"maq_contenidor_estret\"><h2 class=\"com_titular_1 \">Business cases<\/h2><div class=\"slider js_slick\">\n<div class=\"wp-block-ewatts-blocks-business-in slide\"><div class=\"maq_columnas cols_2 call_to_action_1\"><div class=\"maq_col foto\"><img decoding=\"async\" src=\"https:\/\/ewatts-tech.com\/wp-content\/uploads\/2021\/03\/BC_ewatts_quimica_1920px.jpg\"\/><\/div><div class=\"maq_col centrar-verticalment\"><div class=\"com_destacat centrat-verticalment\"><h2 class=\"com_titular_2 \">Sector Qu\u00edmic<\/h2><p><\/p><p class=\"call_to_action\"><a class=\"com_bt transparente normal\" href=\"https:\/\/ewatts-tech.com\/ca\/business-cases\/#industria-del-sector-quimic\">VEURE +<\/a><\/p><\/div><\/div><\/div><\/div>\n\n\n\n<div class=\"wp-block-ewatts-blocks-business-in slide\"><div class=\"maq_columnas cols_2 call_to_action_1\"><div class=\"maq_col foto\"><img decoding=\"async\" src=\"https:\/\/ewatts-tech.com\/wp-content\/uploads\/2021\/03\/BC_ewatts_automocion_1920px.jpg\"\/><\/div><div class=\"maq_col centrar-verticalment\"><div class=\"com_destacat centrat-verticalment\"><h2 class=\"com_titular_2 \">Sector Automoci\u00f3<\/h2><p><\/p><p class=\"call_to_action\"><a class=\"com_bt transparente normal\" href=\"https:\/\/ewatts-tech.com\/ca\/business-cases\/#industria-del-sector-automocio\">VEURE +<\/a><\/p><\/div><\/div><\/div><\/div>\n\n\n\n<div class=\"wp-block-ewatts-blocks-business-in slide\"><div class=\"maq_columnas cols_2 call_to_action_1\"><div class=\"maq_col foto\"><img decoding=\"async\" src=\"https:\/\/ewatts-tech.com\/wp-content\/uploads\/2021\/03\/BC_ewatts_farmaceutico_1920px.jpg\"\/><\/div><div class=\"maq_col centrar-verticalment\"><div class=\"com_destacat centrat-verticalment\"><h2 class=\"com_titular_2 \">Sector Farmac\u00e8utic<\/h2><p><\/p><p class=\"call_to_action\"><a class=\"com_bt transparente normal\" href=\"https:\/\/ewatts-tech.com\/ca\/business-cases\/#industria-del-sector-farmaceutic\">VEURE +<\/a><\/p><\/div><\/div><\/div><\/div>\n<\/div><\/div><\/div><\/div>\n\n\n\n<div class=\"wp-block-ewatts-blocks-franja mod_ban ombra_text_fosca preview_call_to_action_1 contingut_enmig com_blanc\" style=\"background-image:url('https:\/\/ewatts-tech.com\/wp-content\/uploads\/2021\/03\/aigua2.jpg')\"><div class=\"inner maq_marges_horitzontals\"><div class=\"maq_contenidor\"><div class=\"bloc_contingut\"><h2 class=\"com_titular_1\">Contacta amb nosaltres<\/h2><div class=\"text\"><p>Si est\u00e0s interessat o vols m\u00e9s informaci\u00f3 sobre els nostres serveis o productes, posa&#8217;t en contacte amb nosaltres.<\/p><\/div><p class=\"call_to_action\"><a class=\"com_bt semiblanc normal\" href=\"https:\/\/ewatts-tech.com\/ca\/contacte\/\">CONTACTA<\/a><\/p><\/div><\/div><\/div><\/div>\n","protected":false},"excerpt":{"rendered":"","protected":false},"author":1,"featured_media":0,"parent":0,"menu_order":0,"comment_status":"closed","ping_status":"closed","template":"","meta":{"footnotes":""},"class_list":["post-753","page","type-page","status-publish","hentry"],"_links":{"self":[{"href":"https:\/\/ewatts-tech.com\/ca\/wp-json\/wp\/v2\/pages\/753","targetHints":{"allow":["GET"]}}],"collection":[{"href":"https:\/\/ewatts-tech.com\/ca\/wp-json\/wp\/v2\/pages"}],"about":[{"href":"https:\/\/ewatts-tech.com\/ca\/wp-json\/wp\/v2\/types\/page"}],"author":[{"embeddable":true,"href":"https:\/\/ewatts-tech.com\/ca\/wp-json\/wp\/v2\/users\/1"}],"replies":[{"embeddable":true,"href":"https:\/\/ewatts-tech.com\/ca\/wp-json\/wp\/v2\/comments?post=753"}],"version-history":[{"count":15,"href":"https:\/\/ewatts-tech.com\/ca\/wp-json\/wp\/v2\/pages\/753\/revisions"}],"predecessor-version":[{"id":962,"href":"https:\/\/ewatts-tech.com\/ca\/wp-json\/wp\/v2\/pages\/753\/revisions\/962"}],"wp:attachment":[{"href":"https:\/\/ewatts-tech.com\/ca\/wp-json\/wp\/v2\/media?parent=753"}],"curies":[{"name":"wp","href":"https:\/\/api.w.org\/{rel}","templated":true}]}}