{"id":752,"date":"2021-03-15T12:21:51","date_gmt":"2021-03-15T12:21:51","guid":{"rendered":"https:\/\/ewatts-tech.com\/hidrogeno-energia-y-cogeneracion-electroquimica-e-h\/"},"modified":"2021-07-15T10:02:38","modified_gmt":"2021-07-15T08:02:38","slug":"hidrogen-energia-i-cogeneracio-electroquimica-e-h","status":"publish","type":"page","link":"https:\/\/ewatts-tech.com\/ca\/hidrogen-energia-i-cogeneracio-electroquimica-e-h\/","title":{"rendered":"Hidrogen, Energia i Cogeneraci\u00f3 Electroqu\u00edmica  (e-H)"},"content":{"rendered":"\n<div class=\"wp-block-ewatts-blocks-destacado  mod_destacat var_bg_gris call_to_action_0\"><div class=\"inner maq_marges_horitzontals maq_marges_verticals\"><div class=\"maq_contenidor\"><h2 class=\"com_titular_2 \">Hidrogen, Energia i Cogeneraci\u00f3 Electroqu\u00edmica (e-H)<\/h2><div class=\"text\"><p>L&#8217;electroqu\u00edmica ens permet la producci\u00f3, recuperaci\u00f3 i cogeneraci\u00f3 de l&#8217;hidrogen per a la producci\u00f3 d&#8217;energia verda.<\/p><\/div><\/div><\/div><\/div>\n\n\n\n<div class=\"wp-block-ewatts-blocks-desplegable mod_desplegables\"><div class=\"maq_marges_verticals  maq_marges_horitzontals\"><div class=\"maq_contenidor\">\n<div class=\"wp-block-ewatts-blocks-desplegable-in item\"><div class=\"pregunta com_titular_3\"><span class=\"icon-plus\"><\/span><p>Producci\u00f3 d&#8217;hidrogen (e-H2H).<\/p><\/div><div class=\"resposta\">\n<p><strong>Descripci\u00f3 del proc\u00e9s:<\/strong>&nbsp;<\/p>\n\n\n\n<ul class=\"wp-block-list\"><li>Entrada de l&#8217;efluent al sistema electroqu\u00edmic de producci\u00f3 d&#8217;hidrogen.<\/li><li>L&#8217;hidrogen produ\u00eft va al motor d&#8217;hidrogen per a generar electricitat.<\/li><li>L&#8217;energia t\u00e8rmica generada (gasos de fuita) en el motor, es canalitza a un motor de&nbsp;Stirling, per a produir m\u00e9s energia el\u00e8ctrica.<\/li><\/ul>\n\n\n\n<div class=\"wp-block-image\"><figure class=\"aligncenter size-large\"><img loading=\"lazy\" decoding=\"async\" width=\"1024\" height=\"427\" src=\"https:\/\/ewatts-tech.com\/wp-content\/uploads\/2021\/06\/Img_ewatts_produccion_hidrogeno_1920px_CAT-1024x427.jpg\" alt=\"\" class=\"wp-image-1125\" srcset=\"https:\/\/ewatts-tech.com\/wp-content\/uploads\/2021\/06\/Img_ewatts_produccion_hidrogeno_1920px_CAT-1024x427.jpg 1024w, https:\/\/ewatts-tech.com\/wp-content\/uploads\/2021\/06\/Img_ewatts_produccion_hidrogeno_1920px_CAT-300x125.jpg 300w, https:\/\/ewatts-tech.com\/wp-content\/uploads\/2021\/06\/Img_ewatts_produccion_hidrogeno_1920px_CAT-768x320.jpg 768w, https:\/\/ewatts-tech.com\/wp-content\/uploads\/2021\/06\/Img_ewatts_produccion_hidrogeno_1920px_CAT-1536x640.jpg 1536w, https:\/\/ewatts-tech.com\/wp-content\/uploads\/2021\/06\/Img_ewatts_produccion_hidrogeno_1920px_CAT.jpg 1920w\" sizes=\"auto, (max-width: 1024px) 100vw, 1024px\" \/><\/figure><\/div>\n\n\n\n<div class=\"wp-block-ewatts-blocks-clearfloat mod_clearfloat\"><\/div>\n\n\n\n<div class=\"wp-block-ewatts-blocks-botones mod_botons clearfix\">\n<a class=\"wp-block-ewatts-blocks-boton com_bt transparente normal flotar_1\" href=\"https:\/\/ewatts-tech.com\/ca\/contacte\/\">+ INFO<\/a>\n<\/div>\n<\/div><\/div>\n\n\n\n<div class=\"wp-block-ewatts-blocks-desplegable-in item\"><div class=\"pregunta com_titular_3\"><span class=\"icon-plus\"><\/span><p>Recuperaci\u00f3 energ\u00e8tica de calor residual i producci\u00f3 d&#8217;hidrogen (e-HRH)<\/p><\/div><div class=\"resposta\">\n<p><strong>Descripci\u00f3 del proc\u00e9s:<\/strong>&nbsp;<\/p>\n\n\n\n<ul class=\"wp-block-list\"><li>Captaci\u00f3 de la calor procedent d&#8217;un focus emissor (xemeneia, sortida de gasos) a un motor&nbsp;Stirling&nbsp;(HTR1).<\/li><li>Una part de la producci\u00f3 el\u00e8ctrica va a autoconsum o venda a xarxa externa.<\/li><li>Una altra part dels&nbsp;kilowatts&nbsp;generats, s&#8217;utilitza per a la producci\u00f3 electroqu\u00edmica d&#8217;hidrogen (e-HH).<\/li><li>L&#8217;hidrogen produ\u00eft va a un motor d&#8217;hidrogen o com a combustible per a autoconsum (disminuci\u00f3 del consum de gas).<\/li><li>El motor d&#8217;hidrogen genera energia el\u00e8ctrica per a autoconsum o venda<\/li><li>La calor dels gasos de fuita del motor d&#8217;hidrogen, es canalitzen a un motor de&nbsp;Stirling&nbsp;(HTR2), per a la producci\u00f3 de m\u00e9s energia el\u00e8ctrica.<\/li><\/ul>\n\n\n\n<div class=\"wp-block-image\"><figure class=\"aligncenter size-large\"><img loading=\"lazy\" decoding=\"async\" width=\"1024\" height=\"508\" src=\"https:\/\/ewatts-tech.com\/wp-content\/uploads\/2021\/06\/Img_ewatts_recuperacion_energetica_calor_residual_1920px_CAT-1024x508.jpg\" alt=\"\" class=\"wp-image-1128\" srcset=\"https:\/\/ewatts-tech.com\/wp-content\/uploads\/2021\/06\/Img_ewatts_recuperacion_energetica_calor_residual_1920px_CAT-1024x508.jpg 1024w, https:\/\/ewatts-tech.com\/wp-content\/uploads\/2021\/06\/Img_ewatts_recuperacion_energetica_calor_residual_1920px_CAT-300x149.jpg 300w, https:\/\/ewatts-tech.com\/wp-content\/uploads\/2021\/06\/Img_ewatts_recuperacion_energetica_calor_residual_1920px_CAT-768x381.jpg 768w, https:\/\/ewatts-tech.com\/wp-content\/uploads\/2021\/06\/Img_ewatts_recuperacion_energetica_calor_residual_1920px_CAT-1536x762.jpg 1536w, https:\/\/ewatts-tech.com\/wp-content\/uploads\/2021\/06\/Img_ewatts_recuperacion_energetica_calor_residual_1920px_CAT.jpg 1920w\" sizes=\"auto, (max-width: 1024px) 100vw, 1024px\" \/><\/figure><\/div>\n\n\n\n<div class=\"wp-block-ewatts-blocks-botones mod_botons clearfix\">\n<a class=\"wp-block-ewatts-blocks-boton com_bt transparente normal flotar_1\" href=\"https:\/\/ewatts-tech.com\/ca\/contacte\/\">+ INFO<\/a>\n<\/div>\n\n\n\n<p><\/p>\n<\/div><\/div>\n\n\n\n<div class=\"wp-block-ewatts-blocks-desplegable-in item\"><div class=\"pregunta com_titular_3\"><span class=\"icon-plus\"><\/span><p>Estabilitzaci\u00f3 de\u00a0Biodigestors\u00a0\/ Increment de met\u00e0 i cogeneraci\u00f3 d&#8217;hidrogen (e-BMH)<\/p><\/div><div class=\"resposta\">\n<p class=\"is-style-mas-junto\"><strong>Descripci\u00f3 del proc\u00e9s<\/strong>:<\/p>\n\n\n\n<ul class=\"wp-block-list\"><li>Trituraci\u00f3 del residu inicial (en cas necessari) i preescalfament.<\/li><li>Digesti\u00f3 anaer\u00f2bica.<\/li><li>Producci\u00f3 de biog\u00e0s per a cogeneraci\u00f3 o injecci\u00f3 directa a l\u00ednia de gas.<\/li><li>Estabilitzaci\u00f3 i augment de la producci\u00f3 de biog\u00e0s (T-1).<\/li><li>Extracci\u00f3 en continu de l&#8217;excedent de nitrogen amoniacal (T-2).<\/li><li>Generaci\u00f3 d&#8217;hidrogen, que s&#8217;injecta en la l\u00ednia de biog\u00e0s, per a la producci\u00f3 el\u00e8ctrica (CO).<\/li><li>L&#8217;excedent de calor generada en la\u00a0CO, es destina al preescalfament del residu inicial (fangs, purins, etc) i a l&#8217;assecat de la fracci\u00f3 s\u00f2lida obtinguda en el proc\u00e9s.<\/li><li>Les aig\u00fces resultants del tractament T-2 (alta qualitat), poden anar a reutilitzaci\u00f3 en les pr\u00f2pies instal\u00b7lacions, o a abocament.<\/li><\/ul>\n\n\n\n<h2 class=\"is-style-com_titular_4 wp-block-heading\"><strong>TRACTAMENT EONit\u00ae(CH<sub>4<\/sub>-H<sub>2<\/sub>): esquema de proc\u00e9s<\/strong><\/h2>\n\n\n\n<div class=\"wp-block-image\"><figure class=\"aligncenter size-large\"><img loading=\"lazy\" decoding=\"async\" width=\"1024\" height=\"652\" src=\"https:\/\/ewatts-tech.com\/wp-content\/uploads\/2021\/07\/Img_ewatts_estabilizacion_biodigestores_1920px_CAT-copia-1024x652.jpg\" alt=\"\" class=\"wp-image-1213\" srcset=\"https:\/\/ewatts-tech.com\/wp-content\/uploads\/2021\/07\/Img_ewatts_estabilizacion_biodigestores_1920px_CAT-copia-1024x652.jpg 1024w, https:\/\/ewatts-tech.com\/wp-content\/uploads\/2021\/07\/Img_ewatts_estabilizacion_biodigestores_1920px_CAT-copia-300x191.jpg 300w, https:\/\/ewatts-tech.com\/wp-content\/uploads\/2021\/07\/Img_ewatts_estabilizacion_biodigestores_1920px_CAT-copia-768x489.jpg 768w, https:\/\/ewatts-tech.com\/wp-content\/uploads\/2021\/07\/Img_ewatts_estabilizacion_biodigestores_1920px_CAT-copia-1536x978.jpg 1536w, https:\/\/ewatts-tech.com\/wp-content\/uploads\/2021\/07\/Img_ewatts_estabilizacion_biodigestores_1920px_CAT-copia.jpg 1920w\" sizes=\"auto, (max-width: 1024px) 100vw, 1024px\" \/><\/figure><\/div>\n\n\n\n<div class=\"wp-block-ewatts-blocks-botones mod_botons clearfix\">\n<a class=\"wp-block-ewatts-blocks-boton com_bt transparente normal flotar_1\" href=\"https:\/\/ewatts-tech.com\/ca\/contacte\/\">+ INFO<\/a>\n<\/div>\n<\/div><\/div>\n<\/div><\/div><\/div>\n\n\n\n<div class=\"wp-block-ewatts-blocks-business mod_slider var_bg_gris\"><div class=\"maq_marges_verticals  maq_marges_horitzontals\"><div class=\"maq_contenidor_estret\"><h2 class=\"com_titular_1 \">Business cases<\/h2><div class=\"slider js_slick\">\n<div class=\"wp-block-ewatts-blocks-business-in slide\"><div class=\"maq_columnas cols_2 call_to_action_1\"><div class=\"maq_col foto\"><img decoding=\"async\" src=\"https:\/\/ewatts-tech.com\/wp-content\/uploads\/2021\/03\/BC_ewatts_automocion_1920px.jpg\"\/><\/div><div class=\"maq_col centrar-verticalment\"><div class=\"com_destacat centrat-verticalment\"><h2 class=\"com_titular_2 \">Automotive Industry<\/h2><p><\/p><p class=\"call_to_action\"><a class=\"com_bt transparente normal\" href=\"https:\/\/ewatts-tech.com\/en\/business-cases\/#automotive-industry\">SEE +<\/a><\/p><\/div><\/div><\/div><\/div>\n\n\n\n<div class=\"wp-block-ewatts-blocks-business-in slide\"><div class=\"maq_columnas cols_2 call_to_action_1\"><div class=\"maq_col foto\"><img decoding=\"async\" src=\"https:\/\/ewatts-tech.com\/wp-content\/uploads\/2021\/03\/BC_ewatts_quimica_1920px.jpg\"\/><\/div><div class=\"maq_col centrar-verticalment\"><div class=\"com_destacat centrat-verticalment\"><h2 class=\"com_titular_2 \">Chemical Industry<\/h2><p><\/p><p class=\"call_to_action\"><a class=\"com_bt transparente normal\" href=\"https:\/\/ewatts-tech.com\/en\/business-cases\/#chemical-industry\">SEE +<\/a><\/p><\/div><\/div><\/div><\/div>\n\n\n\n<div class=\"wp-block-ewatts-blocks-business-in slide\"><div class=\"maq_columnas cols_2 call_to_action_1\"><div class=\"maq_col foto\"><img decoding=\"async\" src=\"https:\/\/ewatts-tech.com\/wp-content\/uploads\/2021\/03\/BC_ewatts_farmaceutico_1920px.jpg\"\/><\/div><div class=\"maq_col centrar-verticalment\"><div class=\"com_destacat centrat-verticalment\"><h2 class=\"com_titular_2 \">Pharmaceutical<br>Industry<\/h2><p><\/p><p class=\"call_to_action\"><a class=\"com_bt transparente normal\" href=\"https:\/\/ewatts-tech.com\/en\/business-cases\/#pharmaceutical-industry\">SEE +<\/a><\/p><\/div><\/div><\/div><\/div>\n<\/div><\/div><\/div><\/div>\n\n\n\n\n\n<div class=\"wp-block-ewatts-blocks-landing mod_landing\"><div class=\"maq_columnas cols_2\">\n<div class=\"wp-block-ewatts-blocks-landing-in maq_col\"><a href=\"https:\/\/ewatts-tech.com\/ca\/tractament-aigues\/\"><div class=\"inner\"><h2 class=\"com_titular_2 ombra_text_fosca \">Tractament d&#8217;aig\u00fces<br><br><\/h2><\/div><div class=\"img\" style=\"background-image:url(https:\/\/ewatts-tech.com\/wp-content\/uploads\/2021\/03\/cientific.jpg)\"><\/div><\/a><\/div>\n\n\n\n<div class=\"wp-block-ewatts-blocks-landing-in maq_col\"><a href=\"https:\/\/ewatts-tech.com\/ca\/regenaracio-recuperacio-i-reciclatge-per-via-electroquimica-e-r\/\"><div class=\"inner\"><h2 class=\"com_titular_2 ombra_text_fosca \">Regeneraci\u00f3, Recuperaci\u00f3 i Reciclatge<\/h2><\/div><div class=\"img\" style=\"background-image:url(https:\/\/ewatts-tech.com\/wp-content\/uploads\/2021\/03\/Slider_Tratamientio-Aguas_Ewatts_1920px_02.jpg)\"><\/div><\/a><\/div>\n<\/div><\/div>\n\n\n\n<div class=\"wp-block-ewatts-blocks-franja mod_ban ombra_text_fosca preview_call_to_action_1 contingut_enmig com_blanc\" style=\"background-image:url('https:\/\/ewatts-tech.com\/wp-content\/uploads\/2021\/03\/aigua2.jpg')\"><div class=\"inner maq_marges_horitzontals\"><div class=\"maq_contenidor\"><div class=\"bloc_contingut\"><h2 class=\"com_titular_1\">Contacta amb nosaltres<\/h2><div class=\"text\"><p>Si est\u00e0s interessat o vols m\u00e9s informaci\u00f3 sobre els nostres serveis o productes, posa&#8217;t en contacte amb nosaltres.<\/p><\/div><p class=\"call_to_action\"><a class=\"com_bt semiblanc normal\" href=\"https:\/\/ewatts-tech.com\/ca\/contacte\/\">CONTACTA<\/a><\/p><\/div><\/div><\/div><\/div>\n\n\n\n<p><\/p>\n","protected":false},"excerpt":{"rendered":"","protected":false},"author":1,"featured_media":0,"parent":0,"menu_order":0,"comment_status":"closed","ping_status":"closed","template":"","meta":{"footnotes":""},"class_list":["post-752","page","type-page","status-publish","hentry"],"_links":{"self":[{"href":"https:\/\/ewatts-tech.com\/ca\/wp-json\/wp\/v2\/pages\/752","targetHints":{"allow":["GET"]}}],"collection":[{"href":"https:\/\/ewatts-tech.com\/ca\/wp-json\/wp\/v2\/pages"}],"about":[{"href":"https:\/\/ewatts-tech.com\/ca\/wp-json\/wp\/v2\/types\/page"}],"author":[{"embeddable":true,"href":"https:\/\/ewatts-tech.com\/ca\/wp-json\/wp\/v2\/users\/1"}],"replies":[{"embeddable":true,"href":"https:\/\/ewatts-tech.com\/ca\/wp-json\/wp\/v2\/comments?post=752"}],"version-history":[{"count":9,"href":"https:\/\/ewatts-tech.com\/ca\/wp-json\/wp\/v2\/pages\/752\/revisions"}],"predecessor-version":[{"id":1216,"href":"https:\/\/ewatts-tech.com\/ca\/wp-json\/wp\/v2\/pages\/752\/revisions\/1216"}],"wp:attachment":[{"href":"https:\/\/ewatts-tech.com\/ca\/wp-json\/wp\/v2\/media?parent=752"}],"curies":[{"name":"wp","href":"https:\/\/api.w.org\/{rel}","templated":true}]}}