{"id":748,"date":"2021-03-09T17:02:39","date_gmt":"2021-03-09T17:02:39","guid":{"rendered":"https:\/\/ewatts-tech.com\/cidqo\/"},"modified":"2021-05-27T18:03:07","modified_gmt":"2021-05-27T16:03:07","slug":"cidqo","status":"publish","type":"page","link":"https:\/\/ewatts-tech.com\/ca\/cidqo\/","title":{"rendered":"Cidqo"},"content":{"rendered":"\n<div class=\"wp-block-ewatts-blocks-destacado  mod_destacat var_bg_gris call_to_action_0\"><div class=\"inner maq_marges_horitzontals maq_marges_verticals\"><div class=\"maq_contenidor\"><h2 class=\"com_titular_1 \">Cidqo<\/h2><div class=\"text\"><p>Som una empresa de recerca i desenvolupament especialitzada en qu\u00edmica farmac\u00e8utica. Comptem amb una gran experi\u00e8ncia en qu\u00edmica org\u00e0nica i anal\u00edtica, la qual cosa ens permet abordar t\u00e8cnicament gaireb\u00e9 qualsevol tipus de projecte de l&#8217;\u00e0mbit qu\u00edmic-farmac\u00e8utic.<\/p><\/div><\/div><\/div><\/div>\n\n\n\n<div class=\"wp-block-ewatts-blocks-destacado  mod_destacat var_bg_blanc call_to_action_0\"><div class=\"inner maq_marges_horitzontals maq_marges_verticals\"><div class=\"maq_contenidor\"><h2 class=\"com_titular_2 \">La nostra principal activitat \u00e9s el desenvolupament de rutes de s\u00edntesis alternatives per a la fabricaci\u00f3 de principis actius (API), incloent el seu posterior escalat industrial<\/h2><div class=\"text\"><p><br>Gr\u00e0cies a la gran experi\u00e8ncia dels nostres cient\u00edfics, tant en qu\u00edmica org\u00e0nica com en qu\u00edmica anal\u00edtica, oferim serveis d&#8217;alta qualitat, no sols a nivell de laboratori sin\u00f3 a nivell de planta pilot i d&#8217;escalat industrial b\u00e0sic.\u00a0CIDQO\u00a0col\u00b7labora ass\u00edduament amb professors d&#8217;universitat i cient\u00edfics amb una gran experi\u00e8ncia en an\u00e0lisi de patents i en disseny de noves i innovadores rutes de s\u00edntesis.<\/p><\/div><\/div><\/div><\/div>\n\n\n\n<div class=\"wp-block-ewatts-blocks-desplegable mod_desplegables\"><div class=\"maq_marges_verticals  maq_marges_horitzontals\"><div class=\"maq_contenidor\">\n<div class=\"wp-block-ewatts-blocks-desplegable-in item\"><a class=\"anchor\" id=\"evaluacion-tecnica\"><\/a><div class=\"pregunta com_titular_3\"><span class=\"icon-plus\"><\/span><p><strong>Avaluaci\u00f3 t\u00e8cnica<\/strong><\/p><\/div><div class=\"resposta\">\n<ul class=\"wp-block-list\"><li>S\u00edntesi Org\u00e0nica<\/li><li>Qu\u00edmica Anal\u00edtica<\/li><li>Avaluaci\u00f3 de propietat intel\u00b7lectual<\/li><li>Garantia de qualitat i suport regulador<\/li><\/ul>\n\n\n\n<div class=\"wp-block-ewatts-blocks-botones mod_botons clearfix\">\n<a class=\"wp-block-ewatts-blocks-boton com_bt transparente normal flotar_1\" href=\"http:\/\/cidqo.com\/es\/#servicios\" target=\"_blank\" rel=\"noopener\">SABER +<\/a>\n<\/div>\n<\/div><\/div>\n\n\n\n<div class=\"wp-block-ewatts-blocks-desplegable-in item\"><div class=\"pregunta com_titular_3\"><span class=\"icon-plus\"><\/span><p>Escala de laboratori<\/p><\/div><div class=\"resposta\">\n<ul class=\"wp-block-list\"><li>Desenvolupament de nous processos de s\u00edntesis<\/li><li>Optimitzaci\u00f3 de processos<\/li><li>Suport anal\u00edtic<\/li><\/ul>\n\n\n\n<div class=\"wp-block-ewatts-blocks-botones mod_botons clearfix\">\n<a class=\"wp-block-ewatts-blocks-boton com_bt transparente normal flotar_1\" href=\"http:\/\/cidqo.com\/es\/#servicios\" target=\"_blank\" rel=\"noopener\">SABER +<\/a>\n<\/div>\n<\/div><\/div>\n\n\n\n<div class=\"wp-block-ewatts-blocks-desplegable-in item\"><div class=\"pregunta com_titular_3\"><span class=\"icon-plus\"><\/span><p>Escalat<\/p><\/div><div class=\"resposta\">\n<ul class=\"wp-block-list\"><li>Instal\u00b7lacions de Quilo-Lab\u00a0i planta pilot<\/li><li>Experi\u00e8ncia en transfer\u00e8ncia de tecnologia<\/li><li>Col\u00b7laboradors a nivell industrial<\/li><\/ul>\n\n\n\n<div class=\"wp-block-ewatts-blocks-botones mod_botons clearfix\">\n<a class=\"wp-block-ewatts-blocks-boton com_bt transparente normal flotar_1\" href=\"http:\/\/cidqo.com\/es\/#servicios\" target=\"_blank\" rel=\"noopener\">SABER +<\/a>\n<\/div>\n<\/div><\/div>\n<\/div><\/div><\/div>\n\n\n\n<div class=\"wp-block-ewatts-blocks-botones mod_botons clearfix\">\n<a class=\"wp-block-ewatts-blocks-boton com_bt transparente mes_gran flotar_0\" href=\"http:\/\/cidqo.com\/es\" target=\"_blank\" rel=\"noopener\">ANAR A CIDQO<\/a>\n<\/div>\n\n\n\n<div class=\"wp-block-ewatts-blocks-franja mod_ban ombra_text_fosca preview_call_to_action_1 contingut_enmig com_blanc\" style=\"background-image:url('https:\/\/ewatts-tech.com\/wp-content\/uploads\/2021\/03\/aigua2.jpg')\"><div class=\"inner maq_marges_horitzontals\"><div class=\"maq_contenidor\"><div class=\"bloc_contingut\"><h2 class=\"com_titular_1\">Contacta amb nosaltres<\/h2><div class=\"text\"><p>Si est\u00e0s interessat o vols m\u00e9s informaci\u00f3 sobre els nostres serveis o productes, posa&#8217;t en contacte amb nosaltres.<\/p><\/div><p class=\"call_to_action\"><a class=\"com_bt semiblanc normal\" href=\"https:\/\/ewatts-tech.com\/ca\/contacte\/\">CONTACTA<\/a><\/p><\/div><\/div><\/div><\/div>\n\n\n\n<p><\/p>\n","protected":false},"excerpt":{"rendered":"","protected":false},"author":1,"featured_media":0,"parent":0,"menu_order":0,"comment_status":"closed","ping_status":"closed","template":"","meta":{"footnotes":""},"class_list":["post-748","page","type-page","status-publish","hentry"],"_links":{"self":[{"href":"https:\/\/ewatts-tech.com\/ca\/wp-json\/wp\/v2\/pages\/748","targetHints":{"allow":["GET"]}}],"collection":[{"href":"https:\/\/ewatts-tech.com\/ca\/wp-json\/wp\/v2\/pages"}],"about":[{"href":"https:\/\/ewatts-tech.com\/ca\/wp-json\/wp\/v2\/types\/page"}],"author":[{"embeddable":true,"href":"https:\/\/ewatts-tech.com\/ca\/wp-json\/wp\/v2\/users\/1"}],"replies":[{"embeddable":true,"href":"https:\/\/ewatts-tech.com\/ca\/wp-json\/wp\/v2\/comments?post=748"}],"version-history":[{"count":2,"href":"https:\/\/ewatts-tech.com\/ca\/wp-json\/wp\/v2\/pages\/748\/revisions"}],"predecessor-version":[{"id":950,"href":"https:\/\/ewatts-tech.com\/ca\/wp-json\/wp\/v2\/pages\/748\/revisions\/950"}],"wp:attachment":[{"href":"https:\/\/ewatts-tech.com\/ca\/wp-json\/wp\/v2\/media?parent=748"}],"curies":[{"name":"wp","href":"https:\/\/api.w.org\/{rel}","templated":true}]}}