{"id":747,"date":"2021-03-11T10:46:08","date_gmt":"2021-03-11T10:46:08","guid":{"rendered":"https:\/\/ewatts-tech.com\/business-cases\/"},"modified":"2021-06-09T16:07:28","modified_gmt":"2021-06-09T14:07:28","slug":"business-cases","status":"publish","type":"page","link":"https:\/\/ewatts-tech.com\/ca\/business-cases\/","title":{"rendered":"Business Cases"},"content":{"rendered":"\n<div class=\"wp-block-ewatts-blocks-destacado  mod_destacat var_bg_gris call_to_action_0\"><div class=\"inner maq_marges_horitzontals maq_marges_verticals\"><div class=\"maq_contenidor\"><h2 class=\"com_titular_1 \">Business Cases<\/h2><div class=\"text\"><p><\/p><\/div><\/div><\/div><\/div>\n\n\n\n<div class=\"wp-block-ewatts-blocks-desplegable mod_desplegables\"><div class=\"maq_marges_verticals  maq_marges_horitzontals\"><div class=\"maq_contenidor\">\n<div class=\"wp-block-ewatts-blocks-desplegable-in item\"><a class=\"anchor\" id=\"industria-del-sector-quimic\"><\/a><div class=\"pregunta com_titular_3\"><span class=\"icon-plus\"><\/span><p>Ind\u00fastria del sector Qu\u00edmic<\/p><\/div><div class=\"resposta\">\n<figure class=\"wp-block-image size-large\"><img loading=\"lazy\" decoding=\"async\" width=\"1024\" height=\"267\" src=\"https:\/\/ewatts-tech.com\/wp-content\/uploads\/2021\/03\/BC_ewatts_quimica_1920x450px-1024x267.jpg\" alt=\"\" class=\"wp-image-344\" srcset=\"https:\/\/ewatts-tech.com\/wp-content\/uploads\/2021\/03\/BC_ewatts_quimica_1920x450px-1024x267.jpg 1024w, https:\/\/ewatts-tech.com\/wp-content\/uploads\/2021\/03\/BC_ewatts_quimica_1920x450px-300x78.jpg 300w, https:\/\/ewatts-tech.com\/wp-content\/uploads\/2021\/03\/BC_ewatts_quimica_1920x450px-768x200.jpg 768w, https:\/\/ewatts-tech.com\/wp-content\/uploads\/2021\/03\/BC_ewatts_quimica_1920x450px-1536x400.jpg 1536w, https:\/\/ewatts-tech.com\/wp-content\/uploads\/2021\/03\/BC_ewatts_quimica_1920x450px.jpg 1920w\" sizes=\"auto, (max-width: 1024px) 100vw, 1024px\" \/><\/figure>\n\n\n\n<ul class=\"wp-block-list\"><li>Residus l\u00edquids generats: 3.000T\/a <\/li><li>Caracter\u00edstiques del residu: residu t\u00f2xic amb 80.000&nbsp;mgO<sub>2<\/sub>\/l&nbsp;de&nbsp;COD<\/li><li>Tractament inicial; incineraci\u00f3 externa.<\/li><li>Tractament electroqu\u00edmic \u201cin situ\u201d.&nbsp;e-EOTph + w-MET&nbsp;<\/li><\/ul>\n\n\n\n<div class=\"wp-block-ewatts-blocks-clearfloat mod_clearfloat\"><\/div>\n\n\n\n<figure class=\"wp-block-table is-style-taula_tamany_1\"><table><thead><tr><th>ANTIC<br>TRACTAMENT<\/th><th>COST\/ANY<br>TRACTAMENT<br>ANTIC<\/th><th>COST<br>ANUAL<br>RESIDUS<\/th><th>TRACTAMENT<br>NOU<\/th><th>COST\/ANY<br>TRACTAMENT<br>NOU<\/th><th>COST ANUAL<br>RESIDUS I %<br>MINIMITZACI\u00d3<\/th><th>COST DE LA<br>PLANTA DE TRACTAMENT<\/th><th><br>AMORTITZACI\u00d3<br>DE LA PLANTA<br>PER REDUCCI\u00d3 DE COSTOS<\/th><\/tr><\/thead><tbody><tr><td><strong>RESIDU L\u00cdQUID<br>I GESTI\u00d3<br>EXTERNA TOTAL<\/strong><\/td><td>\u2013<\/td><td>1.200.000\u20ac\/any<\/td><td>e-EOTph+RO<\/td><td>108.000\u20ac\/any<\/td><td>0\u20ac\/any<br>M\u00ednim -100%<\/td><td>650.000\u20ac<\/td><td>8 mesos<\/td><\/tr><\/tbody><\/table><\/figure>\n\n\n\n<p><\/p>\n\n\n\n<div class=\"wp-block-ewatts-blocks-botones mod_botons clearfix\">\n<a class=\"wp-block-ewatts-blocks-boton com_bt transparente normal flotar_0\" href=\"https:\/\/ewatts-tech.com\/ca\/tractament-aigues\/#e-eot\">e-EOTph<\/a>\n\n\n\n<a class=\"wp-block-ewatts-blocks-boton com_bt transparente normal flotar_0\" href=\"https:\/\/ewatts-tech.com\/ca\/tractament-aigues\/#w-met\">w-MET<\/a>\n\n\n\n<a class=\"wp-block-ewatts-blocks-boton com_bt solid blau normal flotar_1\" href=\"https:\/\/ewatts-tech.com\/ca\/contacte\/\">+ info<\/a>\n<\/div>\n<\/div><\/div>\n\n\n\n<div class=\"wp-block-ewatts-blocks-desplegable-in item\"><a class=\"anchor\" id=\"industria-del-sector-automocio\"><\/a><div class=\"pregunta com_titular_3\"><span class=\"icon-plus\"><\/span><p><strong>Ind\u00fastria del sector Automoci\u00f3<\/strong><\/p><\/div><div class=\"resposta\">\n<figure class=\"wp-block-image size-large\"><img loading=\"lazy\" decoding=\"async\" width=\"1024\" height=\"267\" src=\"https:\/\/ewatts-tech.com\/wp-content\/uploads\/2021\/03\/BC_ewatts_automocion_1920x450px-1024x267.jpg\" alt=\"\" class=\"wp-image-346\" srcset=\"https:\/\/ewatts-tech.com\/wp-content\/uploads\/2021\/03\/BC_ewatts_automocion_1920x450px-1024x267.jpg 1024w, https:\/\/ewatts-tech.com\/wp-content\/uploads\/2021\/03\/BC_ewatts_automocion_1920x450px-300x78.jpg 300w, https:\/\/ewatts-tech.com\/wp-content\/uploads\/2021\/03\/BC_ewatts_automocion_1920x450px-768x200.jpg 768w, https:\/\/ewatts-tech.com\/wp-content\/uploads\/2021\/03\/BC_ewatts_automocion_1920x450px-1536x400.jpg 1536w, https:\/\/ewatts-tech.com\/wp-content\/uploads\/2021\/03\/BC_ewatts_automocion_1920x450px.jpg 1920w\" sizes=\"auto, (max-width: 1024px) 100vw, 1024px\" \/><\/figure>\n\n\n\n<ul class=\"wp-block-list\"><li>Cabal total d&#8217;aig\u00fces a tractar:&nbsp;70m<sup>3<\/sup>\/h; 26.000m<sup>3<\/sup>\/a&nbsp;Caracter\u00edstiques<\/li><li>del residu:&nbsp;agus&nbsp;residuals procedents de cabina de pintures<\/li><li>Tractament&nbsp;inical: f\u00edsic-qu\u00edmic amb clorur f\u00e8rric i cal\u00e7<\/li><li>Tractament electroqu\u00edmic: e-ECT&nbsp;+ w-MET<\/li><\/ul>\n\n\n\n<figure class=\"wp-block-table is-style-taula_tamany_1\"><table><thead><tr><th>ANTIC<br>TRACTAMENT<\/th><th>COST\/ANY<br>TRACTAMENT<br>ANTIC<\/th><th>COST<br>ANUAL<br>RESIDUS<\/th><th>TRACTAMENT<br>NOU<\/th><th>COST\/ANY<br>TRACTAMENT<br>NOU<\/th><th>COST ANUAL<br>RESIDUS I %<br>MINIMITZACI\u00d3<\/th><th>COST DE LA<br>PLANTA DE TRACTAMENT<\/th><th>AMORTITZACI\u00d3<br>DE LA PLANTA<br>PER REDUCCI\u00d3 DE COSTOS<\/th><\/tr><\/thead><tbody><tr><td><strong>F\u00cdSIC-QU\u00cdMIC<\/strong><\/td><td>720.00\u20ac<\/td><td>605.000\u20ac\/any<\/td><td>e-ECT+RO<\/td><td>288.000\u20ac<br>75% recuper.<\/td><td>150.000\u20ac<br>M\u00ednim -75%<\/td><td>850.000\u20ac<\/td><td>1 any<\/td><\/tr><\/tbody><\/table><\/figure>\n\n\n\n<p><\/p>\n\n\n\n<div class=\"wp-block-ewatts-blocks-botones mod_botons clearfix\">\n<a class=\"wp-block-ewatts-blocks-boton com_bt transparente normal flotar_0\" href=\"https:\/\/ewatts-tech.com\/ca\/tractament-aigues\/#e-ect\">e-ECT<\/a>\n\n\n\n<a class=\"wp-block-ewatts-blocks-boton com_bt solid blau normal flotar_1\" href=\"https:\/\/ewatts-tech.com\/ca\/contacte\/\">+ info<\/a>\n\n\n\n<a class=\"wp-block-ewatts-blocks-boton com_bt transparente normal flotar_0\" href=\"https:\/\/ewatts-tech.com\/ca\/tractament-aigues\/#w-met\">w-MET<\/a>\n<\/div>\n\n\n\n<p><\/p>\n<\/div><\/div>\n\n\n\n<div class=\"wp-block-ewatts-blocks-desplegable-in item\"><a class=\"anchor\" id=\"industria-del-sector-farmaceutic\"><\/a><div class=\"pregunta com_titular_3\"><span class=\"icon-plus\"><\/span><p><strong>Ind\u00fastria del sector Farmac\u00e8utic<\/strong><\/p><\/div><div class=\"resposta\">\n<figure class=\"wp-block-image size-large\"><img loading=\"lazy\" decoding=\"async\" width=\"1024\" height=\"267\" src=\"https:\/\/ewatts-tech.com\/wp-content\/uploads\/2021\/03\/BC_ewatts_farmaceutico_1920x450px-1024x267.jpg\" alt=\"\" class=\"wp-image-347\" srcset=\"https:\/\/ewatts-tech.com\/wp-content\/uploads\/2021\/03\/BC_ewatts_farmaceutico_1920x450px-1024x267.jpg 1024w, https:\/\/ewatts-tech.com\/wp-content\/uploads\/2021\/03\/BC_ewatts_farmaceutico_1920x450px-300x78.jpg 300w, https:\/\/ewatts-tech.com\/wp-content\/uploads\/2021\/03\/BC_ewatts_farmaceutico_1920x450px-768x200.jpg 768w, https:\/\/ewatts-tech.com\/wp-content\/uploads\/2021\/03\/BC_ewatts_farmaceutico_1920x450px-1536x400.jpg 1536w, https:\/\/ewatts-tech.com\/wp-content\/uploads\/2021\/03\/BC_ewatts_farmaceutico_1920x450px.jpg 1920w\" sizes=\"auto, (max-width: 1024px) 100vw, 1024px\" \/><\/figure>\n\n\n\n<ul class=\"wp-block-list\"><li>Cabal total d&#8217;aig\u00fces a tractar:&nbsp;200m<sup>3<\/sup>\/dia. 60.000m<sup>3<\/sup>\/a&nbsp;<\/li><li>Cabal de residus l\u00edquids a tractar: 5.000m<sup>3<\/sup>\/a&nbsp;<\/li><li>Caracter\u00edstiques dels residus: alta c\u00e0rrega org\u00e0nica<\/li><li>Tractament actual dels residus: gesti\u00f3 externa<\/li><li>Tractament de les aig\u00fces: f\u00edsic-quimico&nbsp;amb clorur f\u00e8rric i cal\u00e7+ biol\u00f2gic aerobi<\/li><li>Tractament electroqu\u00edmic proposat.<\/li><li>Aig\u00fces residuals: e-ECT&nbsp;(sustitucion&nbsp;del F\/Q actual)<\/li><li>Residus l\u00edquids: pretractament mitjan\u00e7ant w-EVT+e-*EOTph. Incorporaci\u00f3 de les aig\u00fces a biol\u00f2gic<\/li><\/ul>\n\n\n\n<figure class=\"wp-block-table is-style-taula_tamany_1\"><table><thead><tr><th>ANTIC<br>TRACTAMENT<\/th><th>COST\/ANY<br>TRACTAMENT<br>ANTIC<\/th><th>COST<br>ANUAL<br>RESIDUS<\/th><th>TRACTAMENT<br>NOU<\/th><th><br>COST\/ANY<br>TRACTAMENT<br>NOU<\/th><th>COST ANUAL<br>RESIDUS I %<br>MINIMITZACI\u00d3<\/th><th><br>COST DE LA<br>PLANTA DE TRACTAMENT<\/th><th>AMORTITZACI\u00d3<br>DE LA PLANTA<br>PER REDUCCI\u00d3 DE COSTOS<\/th><\/tr><\/thead><tbody><tr><td><strong>F\u00cdSIC-QU\u00cdMIC + BIOL\u00d2GIC<\/strong><\/td><td>420.00\u20ac<\/td><td>1.200.000\u20ac\/any<\/td><td>e-EC\/EO +BIO<\/td><td>300.000\u20ac<\/td><td>240.000\u20ac<br>M\u00ednim -80%<\/td><td>1.450.000\u20ac<\/td><td>1,4 anys<\/td><\/tr><\/tbody><\/table><\/figure>\n\n\n\n<p><\/p>\n\n\n\n<div class=\"wp-block-ewatts-blocks-botones mod_botons clearfix\">\n<a class=\"wp-block-ewatts-blocks-boton com_bt transparente normal flotar_0\" href=\"https:\/\/ewatts-tech.com\/ca\/tractament-aigues\/#e-ect\">e-ECT<\/a>\n\n\n\n<a class=\"wp-block-ewatts-blocks-boton com_bt solid blau normal flotar_1\" href=\"https:\/\/ewatts-tech.com\/ca\/contacte\/\">+ info<\/a>\n\n\n\n<a class=\"wp-block-ewatts-blocks-boton com_bt transparente normal flotar_0\" href=\"https:\/\/ewatts-tech.com\/ca\/tractament-aigues\/#w-evt\">w-EVT<\/a>\n\n\n\n<a class=\"wp-block-ewatts-blocks-boton com_bt transparente normal flotar_0\" href=\"https:\/\/ewatts-tech.com\/ca\/tractament-aigues\/#e-eot\">e-EOTph<\/a>\n<\/div>\n<\/div><\/div>\n<\/div><\/div><\/div>\n\n\n\n<div class=\"wp-block-ewatts-blocks-franja mod_ban ombra_text_fosca preview_call_to_action_1 contingut_enmig com_blanc\" style=\"background-image:url('https:\/\/ewatts-tech.com\/wp-content\/uploads\/2021\/03\/aigua2.jpg')\"><div class=\"inner maq_marges_horitzontals\"><div class=\"maq_contenidor\"><div class=\"bloc_contingut\"><h2 class=\"com_titular_1\">Contacta amb nosaltres<\/h2><div class=\"text\"><p>Si est\u00e0s interessat o vols m\u00e9s informaci\u00f3 sobre els nostres serveis o productes, posa&#8217;t en contacte amb nosaltres.<\/p><\/div><p class=\"call_to_action\"><a class=\"com_bt semiblanc normal\" href=\"https:\/\/ewatts-tech.com\/ca\/contacte\/\">CONTACTA<\/a><\/p><\/div><\/div><\/div><\/div>\n\n\n\n<p><\/p>\n","protected":false},"excerpt":{"rendered":"","protected":false},"author":1,"featured_media":0,"parent":0,"menu_order":0,"comment_status":"closed","ping_status":"closed","template":"","meta":{"footnotes":""},"class_list":["post-747","page","type-page","status-publish","hentry"],"_links":{"self":[{"href":"https:\/\/ewatts-tech.com\/ca\/wp-json\/wp\/v2\/pages\/747","targetHints":{"allow":["GET"]}}],"collection":[{"href":"https:\/\/ewatts-tech.com\/ca\/wp-json\/wp\/v2\/pages"}],"about":[{"href":"https:\/\/ewatts-tech.com\/ca\/wp-json\/wp\/v2\/types\/page"}],"author":[{"embeddable":true,"href":"https:\/\/ewatts-tech.com\/ca\/wp-json\/wp\/v2\/users\/1"}],"replies":[{"embeddable":true,"href":"https:\/\/ewatts-tech.com\/ca\/wp-json\/wp\/v2\/comments?post=747"}],"version-history":[{"count":14,"href":"https:\/\/ewatts-tech.com\/ca\/wp-json\/wp\/v2\/pages\/747\/revisions"}],"predecessor-version":[{"id":985,"href":"https:\/\/ewatts-tech.com\/ca\/wp-json\/wp\/v2\/pages\/747\/revisions\/985"}],"wp:attachment":[{"href":"https:\/\/ewatts-tech.com\/ca\/wp-json\/wp\/v2\/media?parent=747"}],"curies":[{"name":"wp","href":"https:\/\/api.w.org\/{rel}","templated":true}]}}